{"id":180,"date":"2019-10-10T14:19:47","date_gmt":"2019-10-10T12:19:47","guid":{"rendered":"https:\/\/mobilita.trnava.sk\/?page_id=180"},"modified":"2019-10-23T15:18:27","modified_gmt":"2019-10-23T13:18:27","slug":"diskusia","status":"publish","type":"page","link":"https:\/\/mobilita.trnava.sk\/index.php\/diskusia\/","title":{"rendered":"DISKUSIA"},"content":{"rendered":"\n<p>Ak n\u00e1m chcete zanecha\u0165 V\u00e1\u0161 koment\u00e1r k tomuto projektu pou\u017eite nasleduj\u00faci formul\u00e1r. \u010eakujeme za V\u00e1\u0161 z\u00e1ujem.<\/p>\n\n\n\n<p><\/p>\n","protected":false},"excerpt":{"rendered":"<p>Ak n\u00e1m chcete zanecha\u0165 V\u00e1\u0161 koment\u00e1r k tomuto projektu pou\u017eite nasleduj\u00faci formul\u00e1r. \u010eakujeme za V\u00e1\u0161 z\u00e1ujem.<\/p>\n<p class=\"continue-reading-button\"> <a class=\"continue-reading-link\" href=\"https:\/\/mobilita.trnava.sk\/index.php\/diskusia\/\">\u010c\u00edta\u0165 \u010falej<i class=\"crycon-right-dir\"><\/i><\/a><\/p>\n","protected":false},"author":1,"featured_media":0,"parent":0,"menu_order":0,"comment_status":"open","ping_status":"closed","template":"","meta":{"footnotes":""},"_links":{"self":[{"href":"https:\/\/mobilita.trnava.sk\/index.php\/wp-json\/wp\/v2\/pages\/180"}],"collection":[{"href":"https:\/\/mobilita.trnava.sk\/index.php\/wp-json\/wp\/v2\/pages"}],"about":[{"href":"https:\/\/mobilita.trnava.sk\/index.php\/wp-json\/wp\/v2\/types\/page"}],"author":[{"embeddable":true,"href":"https:\/\/mobilita.trnava.sk\/index.php\/wp-json\/wp\/v2\/users\/1"}],"replies":[{"embeddable":true,"href":"https:\/\/mobilita.trnava.sk\/index.php\/wp-json\/wp\/v2\/comments?post=180"}],"version-history":[{"count":6,"href":"https:\/\/mobilita.trnava.sk\/index.php\/wp-json\/wp\/v2\/pages\/180\/revisions"}],"predecessor-version":[{"id":366,"href":"https:\/\/mobilita.trnava.sk\/index.php\/wp-json\/wp\/v2\/pages\/180\/revisions\/366"}],"wp:attachment":[{"href":"https:\/\/mobilita.trnava.sk\/index.php\/wp-json\/wp\/v2\/media?parent=180"}],"curies":[{"name":"wp","href":"https:\/\/api.w.org\/{rel}","templated":true}]}}