{"id":21,"date":"2019-10-07T10:17:53","date_gmt":"2019-10-07T08:17:53","guid":{"rendered":"https:\/\/mobilita.trnava.sk\/?page_id=21"},"modified":"2020-02-06T12:14:15","modified_gmt":"2020-02-06T11:14:15","slug":"faq","status":"publish","type":"page","link":"https:\/\/mobilita.trnava.sk\/index.php\/faq\/","title":{"rendered":"FAQ"},"content":{"rendered":"\n<p><strong>FAQ (\u010casto kladen\u00e9 ot\u00e1zky)<\/strong><\/p>\n\n\n\n<p>&nbsp;<strong>\u010co je Pl\u00e1n mobility?<\/strong><\/p>\n\n\n\n<p>Pl\u00e1n mobility je\ndokument, ktor\u00fd na z\u00e1klade odborn\u00fdch anal\u00fdz, ale aj v spolupr\u00e1ci s obyvate\u013emi\nmesta, expertov at\u010f. zostav\u00ed zoznam opatren\u00ed v oblasti mobility, ktor\u00fdch\nrealiz\u00e1cia pom\u00f4\u017ee k zlep\u0161eniu kvality \u017eivota v meste.<\/p>\n\n\n\n<p>Pl\u00e1n mobility sa\npripravuje v troch f\u00e1zach, z ktor\u00fdch ka\u017ed\u00e1 bude prerokovan\u00e1 s odbornou i\nlaickou verejnos\u0165ou a potom predlo\u017een\u00e1 volen\u00fdm org\u00e1nom mesta na schv\u00e1lenie.<\/p>\n\n\n\n<p>D\u00f4le\u017eit\u00fdm prvkom\ntohto dokumentu je tie\u017e hodnotenie \u00fa\u010dinnosti navrhnut\u00fdch opatren\u00ed.<\/p>\n\n\n\n<p><strong>Pre\u010do mobilita?<\/strong><\/p>\n\n\n\n<p>Mobilita je\nozna\u010denie pre pohyb \u013eud\u00ed i vec\u00ed. Pl\u00e1n mobility sa nezameriava len na opatrenia,\nktor\u00e9 sa t\u00fdkaj\u00fa rozvoja dopravnej infra\u0161trukt\u00fary, ale aj na opatrenia, ktor\u00e9\nm\u00f4\u017eu zmeni\u0165 dopravn\u00e9 spr\u00e1vanie obyvate\u013eov mesta Trnava a&nbsp;jeho okolia.<\/p>\n\n\n\n<p><strong>Ako sa m\u00f4\u017eem zapoji\u0165?<\/strong><\/p>\n\n\n\n<p>Do pr\u00edpravy Pl\u00e1nu\nmobility sa m\u00f4\u017eete zapoji\u0165 v r\u00e1mci verejn\u00fdch diskusi\u00ed alebo m\u00f4\u017eete svoje\nkoment\u00e1re \u010di n\u00e1mety zasla\u0165 emailom (mobilita.trnava@trnava.sk) alebo po\u0161tou na\nOdbor \u00fazemn\u00e9ho rozvoja a&nbsp;koncepci\u00ed, \u00fasek in\u017e.\nurbanizmu a&nbsp;\u00fazemno-tech. inform\u00e1ci\u00ed, Trhov\u00e1 3,\n917 71 Trnava. <br>\n&nbsp;<\/p>\n\n\n\n<p><strong>Na ak\u00e9 druhy dopravy je Pl\u00e1n mobility zameran\u00fd?<\/strong><\/p>\n\n\n\n<p>Pl\u00e1n mobility je\nzameran\u00fd na pohyb \u013eud\u00ed i vec\u00ed, preto sa zameriava na v\u0161etky druhy dopravy, tzn.\npe\u0161iu, cyklistick\u00fa, verejn\u00fa, automobilov\u00fa (vr\u00e1tane parkovania a z\u00e1sobovanie), leteck\u00fa\ni lodn\u00fa.<\/p>\n\n\n\n<p><strong>Ako prebieha proces jeho tvorby?<\/strong><\/p>\n\n\n\n<p>Odborn\u00e1 firma (AFRY CZ s.r.o.) priprav\u00ed koncept jednotliv\u00fdch \u010dast\u00ed Pl\u00e1nu mobility (Analytick\u00e1 \u010das\u0165, N\u00e1vrhov\u00e1 \u010das\u0165, Pl\u00e1n dopravnej obslu\u017enosti (PDO) a\u00a0Pl\u00e1n implement\u00e1cie a\u00a0monitorovania PUM). Tieto \u010dasti sa n\u00e1sledne rozo\u0161l\u00fa k pripomienkovaniu mestsk\u00fdm \u010dastiam a\u00a0organiz\u00e1ci\u00e1m. \u00a0<\/p>\n\n\n\n<p>Predov\u0161etk\u00fdm v\u0161ak\nbude dokument\u00e1cia k dispoz\u00edcii na webov\u00fdch str\u00e1nkach, aby sa s nimi mohli\nobozn\u00e1mi\u0165 aj obyvatelia mesta Trnava a mohli vyjadri\u0165 svoj n\u00e1zor, \u010di zasla\u0165\npripomienky a ovplyvni\u0165 tak podobu Pl\u00e1nu mobility.<\/p>\n\n\n\n<p>Po tomto procese\nverejnej diskusie bud\u00fa n\u00e1mety a pripomienky vyhodnoten\u00e9 a bude vytvoren\u00fd tzv.\n\u010cistopis dokumentu, ktor\u00fd bude predlo\u017een\u00fd volen\u00fdm org\u00e1nom mesta na schv\u00e1lenie.<\/p>\n\n\n\n<p><strong>Kto Pl\u00e1n mobility schva\u013euje?<\/strong><\/p>\n\n\n\n<p>Jednotliv\u00e9 \u010dasti\nPl\u00e1nu mobility (Zber d\u00e1t, Prieskumy, Analytick\u00e9 a N\u00e1vrhov\u00e9 \u010dasti vr\u00e1tane Strategick\u00e9ho environment\u00e1lneho hodnotenia\n(SEA), Pl\u00e1n dopravnej obslu\u017enosti (PDO)\na&nbsp;Pl\u00e1n implement\u00e1cie a&nbsp;monitorovania PUM sa prejedn\u00e1vaj\u00fa v komisi\u00e1ch\nRady mesta Trnava a v Rade mesta Trnava. Z\u00e1vere\u010dn\u00fd v\u00fdstup tzv. Ak\u010dn\u00fd pl\u00e1n bude\nschv\u00e1len\u00fd zastupite\u013estvom mesta Trnava.<\/p>\n\n\n\n<p><strong>Na ako dlho Pl\u00e1n mobility plat\u00ed, ako \u010dasto sa\naktualizuje?<\/strong><\/p>\n\n\n\n<p>Pr\u00edprava Pl\u00e1nu\nmobility prebieha ako cyklus. Predpoklad\u00e1me, \u017ee ka\u017ed\u00fdch 5 &#8211; 10 rokov bude\nproces Pl\u00e1nu mobility op\u00e4\u0165 zah\u00e1jen\u00fd anal\u00fdzou stavu dopravn\u00fdch syst\u00e9mov a\nn\u00e1vrhom vhodn\u00fdch opatren\u00ed.<\/p>\n\n\n\n<p><strong>Kam sa m\u00f4\u017eem obr\u00e1ti\u0165, ak m\u00e1m pripomienku, alebo\not\u00e1zku?<\/strong><\/p>\n\n\n\n<p>Pokia\u013e m\u00e1te ot\u00e1zku alebo pripomienku, m\u00f4\u017eete ju posla\u0165 na email: mobilita.trnava@trnava.sk alebo tie\u017e po\u0161tou na adresu Odbor \u00fazemn\u00e9ho rozvoja a&nbsp;koncepci\u00ed, \u00fasek in\u017e. urbanizmu a&nbsp;\u00fazemno-tech. inform\u00e1ci\u00ed, Trhov\u00e1 3, 917 71 Trnava. <\/p>\n\n\n\n<p><strong>Pl\u00e1nuje vedenie mesta verejn\u00e9 diskusie?<\/strong><\/p>\n\n\n\n<p>\u00c1no, v r\u00e1mci\npr\u00edpravy Pl\u00e1nu mobility s\u00fa pl\u00e1novan\u00e9 verejn\u00e9 diskusie.<\/p>\n\n\n\n<p>\u010eal\u0161ie verejn\u00e9\ndiskusie bud\u00fa prebieha\u0165 pod\u013ea priebehu spracovania \u010fal\u0161\u00edch \u010dast\u00ed Pl\u00e1nu mobility\na term\u00edny bud\u00fa zverejnen\u00e9 na www.mobilita.trnava.sk<\/p>\n","protected":false},"excerpt":{"rendered":"<p>FAQ (\u010casto kladen\u00e9 ot\u00e1zky) &nbsp;\u010co je Pl\u00e1n mobility? Pl\u00e1n mobility je dokument, ktor\u00fd na z\u00e1klade odborn\u00fdch anal\u00fdz, ale aj v spolupr\u00e1ci s obyvate\u013emi mesta, expertov at\u010f. zostav\u00ed zoznam opatren\u00ed v oblasti mobility, ktor\u00fdch realiz\u00e1cia pom\u00f4\u017ee k zlep\u0161eniu kvality \u017eivota v meste. Pl\u00e1n mobility sa pripravuje v troch f\u00e1zach, z ktor\u00fdch&#8230;<\/p>\n<p class=\"continue-reading-button\"> <a class=\"continue-reading-link\" href=\"https:\/\/mobilita.trnava.sk\/index.php\/faq\/\">\u010c\u00edta\u0165 \u010falej<i class=\"crycon-right-dir\"><\/i><\/a><\/p>\n","protected":false},"author":1,"featured_media":0,"parent":0,"menu_order":0,"comment_status":"closed","ping_status":"closed","template":"","meta":{"footnotes":""},"_links":{"self":[{"href":"https:\/\/mobilita.trnava.sk\/index.php\/wp-json\/wp\/v2\/pages\/21"}],"collection":[{"href":"https:\/\/mobilita.trnava.sk\/index.php\/wp-json\/wp\/v2\/pages"}],"about":[{"href":"https:\/\/mobilita.trnava.sk\/index.php\/wp-json\/wp\/v2\/types\/page"}],"author":[{"embeddable":true,"href":"https:\/\/mobilita.trnava.sk\/index.php\/wp-json\/wp\/v2\/users\/1"}],"replies":[{"embeddable":true,"href":"https:\/\/mobilita.trnava.sk\/index.php\/wp-json\/wp\/v2\/comments?post=21"}],"version-history":[{"count":5,"href":"https:\/\/mobilita.trnava.sk\/index.php\/wp-json\/wp\/v2\/pages\/21\/revisions"}],"predecessor-version":[{"id":254,"href":"https:\/\/mobilita.trnava.sk\/index.php\/wp-json\/wp\/v2\/pages\/21\/revisions\/254"}],"wp:attachment":[{"href":"https:\/\/mobilita.trnava.sk\/index.php\/wp-json\/wp\/v2\/media?parent=21"}],"curies":[{"name":"wp","href":"https:\/\/api.w.org\/{rel}","templated":true}]}}