{"id":487,"date":"2022-02-14T11:41:16","date_gmt":"2022-02-14T10:41:16","guid":{"rendered":"https:\/\/mobilita.trnava.sk\/?page_id=487"},"modified":"2022-02-14T11:41:16","modified_gmt":"2022-02-14T10:41:16","slug":"cookies","status":"publish","type":"page","link":"https:\/\/mobilita.trnava.sk\/index.php\/cookies\/","title":{"rendered":"Cookies"},"content":{"rendered":"\n<h2 class=\"wp-block-heading\">Pou\u017e\u00edvanie cookies<\/h2>\n\n\n\n<p>S cie\u013eom zabezpe\u010di\u0165 riadne fungovanie tejto webovej str\u00e1nky uklad\u00e1me niekedy na va\u0161om zariaden\u00ed mal\u00e9 d\u00e1tov\u00e9 s\u00fabory, tzv. cookies. Je to s\u00fa\u010das\u0165 v\u00e4\u010d\u0161iny webov\u00fdch str\u00e1nok. Pom\u00e1haj\u00fa pri zobrazovan\u00ed a poskytovan\u00ed slu\u017eieb, umo\u017e\u0148uj\u00fa v\u00e1m n\u00e1js\u0165 to, \u010do h\u013ead\u00e1te \u010do najsk\u00f4r.<\/p>\n\n\n\n<p>S\u00fabory cookies tret\u00edch str\u00e1n zbieraj\u00fa inform\u00e1cie o&nbsp;pou\u017e\u00edvan\u00ed webov\u00fdch str\u00e1nok, pre ich bud\u00face skvalitnenia. Zabezpe\u010duj\u00fa tie\u017e funk\u010dnos\u0165 r\u00f4znych n\u00e1strojov (napr\u00edklad zobrazen\u00ed YouTube vide\u00ed, zdie\u013ean\u00ed postov na soci\u00e1lne siete) a lep\u0161\u00ed u\u017e\u00edvate\u013esk\u00fd z\u00e1\u017eitok.&nbsp;<\/p>\n\n\n\n<p>Z\u00e1kon \u010d. 452\/2021 o elektronick\u00fdch komunik\u00e1ci\u00e1ch uv\u00e1dza, \u017ee m\u00f4\u017eeme uklada\u0165 s\u00fabory cookies na va\u0161om zariaden\u00ed, pokia\u013e s\u00fa nevyhnutne nutn\u00e9 pre zobrazenie webovej str\u00e1nky. Pre v\u0161etky ostatn\u00e9 typy cookies potrebujeme v\u00e1\u0161 s\u00fahlas.<\/p>\n\n\n\n<p>S\u00fahlas s pou\u017e\u00edvan\u00edm s\u00faborov cookies ude\u013eujete ako n\u00e1v\u0161tevn\u00edk webovej str\u00e1nky kliknut\u00edm na pr\u00edslu\u0161n\u00e9 tla\u010didlo v&nbsp;rozba\u013eovacom okne, ktor\u00e9 sa zobrazuje na webovej str\u00e1nke.<\/p>\n\n\n\n<p>Aj po z\u00edskan\u00ed tohto s\u00fahlasu m\u00f4\u017eete v&nbsp;tomto okne, alebo zmenou nastaven\u00ed prehliada\u010da kedyko\u013evek pou\u017e\u00edvanie s\u00faborov cookies zak\u00e1za\u0165.<\/p>\n\n\n\n<p>V\u00e1\u0161 s\u00fahlas, alebo nes\u00fahlas sa uchov\u00e1va po dobu 1 roka.<\/p>\n\n\n\n<h2 class=\"wp-block-heading\">\u010co s\u00fa cookies?<\/h2>\n\n\n\n<p>S\u00fabory cookies s\u00fa mal\u00e9 textov\u00e9 s\u00fabory, ktor\u00e9 m\u00f4\u017eu by\u0165 do internetov\u00e9ho prehliada\u010da odosielan\u00e9 pri n\u00e1v\u0161teve webov\u00fdch str\u00e1nok a ukladan\u00e9 do v\u00e1\u0161ho zariadenia (po\u010d\u00edta\u010da alebo do in\u00e9ho zariadenia s pr\u00edstupom na internet, ako napr. smartphone alebo tablet). S\u00fabory cookies sa ukladaj\u00fa do prie\u010dinka pre s\u00fabory v\u00e1\u0161ho internetov\u00e9ho&nbsp; prehliada\u010da.<\/p>\n\n\n\n<p>Cookies obvykle obsahuj\u00fa n\u00e1zov webovej str\u00e1nky, z ktorej poch\u00e1dzaj\u00fa a d\u00e1tum svojho vzniku. Pri \u010fal\u0161ej n\u00e1v\u0161teve str\u00e1nky webov\u00fd prehliada\u010d znovu na\u010d\u00edta s\u00fabory cookies a tieto inform\u00e1cie odo\u0161le sp\u00e4\u0165 webovej str\u00e1nke, ktor\u00e1 p\u00f4vodne cookies vytvorila. S\u00fabory cookies, ktor\u00e9 pou\u017e\u00edvame, nepo\u0161kodzuj\u00fa v\u00e1\u0161 po\u010d\u00edta\u010d.<\/p>\n\n\n\n<p>Nezah\u0155\u0148aj\u00fa \u017eiadne osobn\u00e9 \u00fadaje a nie je mo\u017en\u00e9 V\u00e1s prostredn\u00edctvom nich identifikova\u0165 na webov\u00fdch str\u00e1nkach tret\u00edch str\u00e1n, vr\u00e1tane str\u00e1nok poskytovate\u013eov anal\u00fdzy.<\/p>\n\n\n\n<h3 class=\"wp-block-heading\">Druhy cookies<\/h3>\n\n\n\n<h4 class=\"wp-block-heading\">Kr\u00e1tkodob\u00e9 tzv. \u201esession cookies\u201c<\/h4>\n\n\n\n<p>S\u00fa to do\u010dasn\u00e9 cookies, ktor\u00e9 sa vypnut\u00edm internetov\u00e9ho prehliada\u010da vyma\u017e\u00fa.<\/p>\n\n\n\n<h4 class=\"wp-block-heading\">Dlhodob\u00e9 tzv. \u201epersistent cookies\u201c<\/h4>\n\n\n\n<p>Zost\u00e1vaj\u00fa ulo\u017een\u00e9 vo va\u0161om prehliada\u010di i po vypnut\u00ed po\u010d\u00edta\u010da. V t\u00fdchto s\u00faboroch cookies s\u00fa ulo\u017een\u00e9 nastavenia u\u017e\u00edvate\u013ea a&nbsp;sl\u00fa\u017eia k&nbsp;zv\u00fd\u0161eniu jeho komfortu pri prehliadan\u00fd webov\u00fdch str\u00e1nok, pr\u00edpadne sl\u00fa\u017eia na analytick\u00e9, alebo reklamn\u00e9 \u00fa\u010dely.&nbsp;<\/p>\n\n\n\n<h3 class=\"wp-block-heading\">Ako m\u00f4\u017eete nastavenia cookies zmeni\u0165?<\/h3>\n\n\n\n<p>Nastavenie ukladania s\u00faborov cookies m\u00f4\u017eete kedyko\u013evek zmeni\u0165, alebo ich zmaza\u0165 a&nbsp;to v&nbsp;rozba\u013eovacom okne, ktor\u00e9 sa zobrazuje priamo na webovej str\u00e1nke, alebo vo va\u0161om prehliada\u010di.<\/p>\n\n\n\n<p>V\u00e1\u0161 webov\u00fd prehliada\u010d m\u00f4\u017eete nastavi\u0165 tak, aby ukladanie cookies do v\u00e1\u0161ho zariadenia zak\u00e1zal \u010di blokoval, a to vr\u00e1tane cookies tret\u00edch str\u00e1n. Je tie\u017e mo\u017en\u00e9 zablokova\u0165 alebo povoli\u0165 ukladanie cookies len pre ur\u010dit\u00e9 webov\u00e9 str\u00e1nky. Cookies, ktor\u00e9 u\u017e s\u00fa vo va\u0161om zariaden\u00ed ulo\u017een\u00e9, potom m\u00f4\u017eete kedyko\u013evek zmaza\u0165. Pou\u017e\u00edvanie cookies a ich povolenie vo webovom prehliada\u010di je na va\u0161om rozhodnut\u00ed.<\/p>\n\n\n\n<p>V pr\u00edpade zmeny ich nastavenia v\u0161ak m\u00f4\u017eu ma\u0165 niektor\u00e9 webov\u00e9 str\u00e1nky obmedzen\u00fa funk\u010dnos\u0165 a\u00a0vy zn\u00ed\u017een\u00fd u\u017e\u00edvate\u013esk\u00fd komfort.<\/p>\n\n\n\n<h2 class=\"wp-block-heading\">Zoznam pou\u017e\u00edvan\u00fdch s\u00faborov cookies<\/h2>\n\n\n\n<h4 class=\"wp-block-heading\">1. Nevyhnutn\u00e9 cookies<\/h4>\n\n\n\n<figure class=\"wp-block-table\"><table><thead><tr><th scope=\"col\">N\u00e1zov<\/th><th scope=\"col\">Poskytovate\u013e<\/th><th scope=\"col\">\u00da\u010del<\/th><th scope=\"col\">Expir\u00e1cia<\/th><\/tr><\/thead><tbody><tr><td>SERVERID<\/td><td>Mesto<\/td><td>Na\u010d\u00edtanie webovej str\u00e1nky. Ozna\u010duje server, ktor\u00fd prehliada\u010du doru\u010dil posledn\u00fa str\u00e1nku.<\/td><td>Session<\/td><\/tr><tr><td>PHPSESSID<\/td><td>Mesto<\/td><td>V\u0161eobecn\u00fd identifik\u00e1tor, ktor\u00fd sa pou\u017e\u00edva na udr\u017eiavanie premenn\u00fdch rel\u00e1cie u\u017e\u00edvate\u013ea. Zvy\u010dajne ide o n\u00e1hodne vygenerovan\u00e9 \u010d\u00edslo, pou\u017e\u00edva sa napr\u00edklad pre udr\u017eiavanie stavu prihl\u00e1senia pri preklikoch na podstr\u00e1nky<\/td><td>Session<\/td><\/tr><tr><td>cookie-mobile-app<\/td><td>Mesto<\/td><td>Sl\u00fa\u017ei pre napojenie na mobiln\u00fa aplik\u00e1ciu<\/td><td>Session<\/td><\/tr><tr><td>cookie_use<\/td><td>Mesto<\/td><td>Sl\u00fa\u017ei pre v\u0161eobecn\u00fa spr\u00e1vu cookies<\/td><td>1 rok<\/td><\/tr><tr><td>cookie_use_extended<\/td><td>Mesto<\/td><td>Sl\u00fa\u017ei pre v\u0161eobecn\u00fa spr\u00e1vu cookies<\/td><td>1 rok<\/td><\/tr><tr><td>ck_mode<\/td><td>Mesto<\/td><td>Sl\u00fa\u017ei pre v\u0161eobecn\u00fa spr\u00e1vu cookies<\/td><td>1 rok<\/td><\/tr><tr><td>ck_settings<\/td><td>Mesto<\/td><td>Sl\u00fa\u017ei pre v\u0161eobecn\u00fa spr\u00e1vu cookies<\/td><td>1 rok<\/td><\/tr><\/tbody><\/table><\/figure>\n\n\n\n<h4 class=\"wp-block-heading\">2. Analytick\u00e9 cookies<\/h4>\n\n\n\n<figure class=\"wp-block-table\"><table><thead><tr><th scope=\"col\">N\u00e1zov<\/th><th scope=\"col\">Poskytovate\u013e<\/th><th scope=\"col\">\u00da\u010del<\/th><th scope=\"col\">Expir\u00e1cia<\/th><\/tr><\/thead><tbody><tr><td>_ga<\/td><td>Google<\/td><td>Cookie naj\u010dastej\u0161ie pou\u017e\u00edvan\u00e9ho \u0161tatistick\u00e9ho n\u00e1stroja<br>Google Analytics. Tento s\u00fabor cookie sa pou\u017e\u00edva na rozl\u00ed\u0161enie<br>jedine\u010dn\u00fdch pou\u017e\u00edvate\u013eov priraden\u00edm n\u00e1hodne<br>vygenerovan\u00e9ho \u010d\u00edsla ako identifik\u00e1tora klienta. Je zahrnut\u00fd<br>v&nbsp;ka\u017edej po\u017eiadavke na str\u00e1nku a pou\u017e\u00edva sa na v\u00fdpo\u010det<br>\u00fadajov o n\u00e1v\u0161tevn\u00edkoch, rel\u00e1ci\u00e1ch a&nbsp;kampaniach pre<br>analytick\u00e9 preh\u013eady str\u00e1nok.<\/td><td>1 rok<\/td><\/tr><tr><td>_gid<\/td><td>Google<\/td><td>Tento s\u00fabor cookie je nastaven\u00fd slu\u017ebou Google Analytics. Uklad\u00e1 a aktualizuje jedine\u010dn\u00fa hodnotu pre ka\u017ed\u00fa nav\u0161t\u00edven\u00fa str\u00e1nku a pou\u017e\u00edva sa na po\u010d\u00edtanie a sledovanie zobrazen\u00ed str\u00e1nok<\/td><td>1 de\u0148<\/td><\/tr><tr><td>_gat_gtag<\/td><td>Google<\/td><td>Tento s\u00fabor cookie je s\u00fa\u010das\u0165ou slu\u017eby Google Analytics a pou\u017e\u00edva sa na obmedzenie po\u017eiadaviek<\/td><td>1 min\u00fata<\/td><\/tr><\/tbody><\/table><\/figure>\n\n\n\n<h4 class=\"wp-block-heading\">3. Ostatn\u00e9 cookie<\/h4>\n\n\n\n<figure class=\"wp-block-table\"><table><thead><tr><th scope=\"col\">N\u00e1zov<\/th><th scope=\"col\">Poskytovate\u013e<\/th><th scope=\"col\">\u00da\u010del<\/th><th scope=\"col\">Expir\u00e1cia<\/th><\/tr><\/thead><tbody><tr><td>VISITOR_INFO1_LIVE<\/td><td>YouTube<\/td><td>Sleduje preferencie pou\u017e\u00edvate\u013ea pre vide\u00e1 YouTube vlo\u017een\u00e9<br>do str\u00e1nok, m\u00f4\u017ee tie\u017e ur\u010di\u0165, \u010di n\u00e1v\u0161tevn\u00edk webovej str\u00e1nky<br>potrebuje nov\u00fa alebo star\u00fa verziu rozhrania You tub<\/td><td>6 mesiacov<\/td><\/tr><tr><td>YSC<\/td><td>YouTube<\/td><td>Sleduje prehratia vlo\u017een\u00fdch YouTube vide\u00ed<\/td><td>Session<\/td><\/tr><tr><td>_atuvc<\/td><td>AddThis<\/td><td>Cookie miniaplik\u00e1cie AddThis, ktor\u00e1 je be\u017ene zabudovan\u00e1 do webov\u00fdch str\u00e1nok, aby n\u00e1v\u0161tevn\u00edkom umo\u017enila zdie\u013ea\u0165 obsah s cel\u00fdm radom soci\u00e1lnych siet\u00ed a platforiem zdie\u013eania. Uklad\u00e1 aktualizovan\u00fd po\u010det zdie\u013ean\u00ed str\u00e1nky.<\/td><td>1 rok<\/td><\/tr><tr><td>_atuvs<\/td><td>AddThis<\/td><td>Cookie miniaplik\u00e1cie AddThis, umo\u017e\u0148uje zdie\u013ea\u0165 obsah na soci\u00e1lne siete a&nbsp;in\u00e9 platformy zdie\u013eania, tla\u010d str\u00e1nky a&nbsp;odoslanie str\u00e1nky emailom.<\/td><td>30 min\u00fat<\/td><\/tr><tr><td>uvc<\/td><td>AddThis<\/td><td>Sleduje, ako \u010dasto pou\u017e\u00edvate\u013e vyu\u017e\u00edva miniaplik\u00e1ciu AddThis pre zdie\u013eania<\/td><td>1 rok<\/td><\/tr><tr><td>loc<\/td><td>AddThis<\/td><td>Pre \u0161tatistick\u00e9 \u00fa\u010dely zaznamen\u00e1va geografick\u00fa polohu pou\u017e\u00edvate\u013ea<\/td><td>1 rok<\/td><\/tr><\/tbody><\/table><\/figure>\n","protected":false},"excerpt":{"rendered":"<p>Pou\u017e\u00edvanie cookies S cie\u013eom zabezpe\u010di\u0165 riadne fungovanie tejto webovej str\u00e1nky uklad\u00e1me niekedy na va\u0161om zariaden\u00ed mal\u00e9 d\u00e1tov\u00e9 s\u00fabory, tzv. cookies. Je to s\u00fa\u010das\u0165 v\u00e4\u010d\u0161iny webov\u00fdch str\u00e1nok. Pom\u00e1haj\u00fa pri zobrazovan\u00ed a poskytovan\u00ed slu\u017eieb, umo\u017e\u0148uj\u00fa v\u00e1m n\u00e1js\u0165 to, \u010do h\u013ead\u00e1te \u010do najsk\u00f4r. S\u00fabory cookies tret\u00edch str\u00e1n zbieraj\u00fa inform\u00e1cie o&nbsp;pou\u017e\u00edvan\u00ed webov\u00fdch str\u00e1nok, pre&#8230;<\/p>\n<p class=\"continue-reading-button\"> <a class=\"continue-reading-link\" href=\"https:\/\/mobilita.trnava.sk\/index.php\/cookies\/\">\u010c\u00edta\u0165 \u010falej<i class=\"crycon-right-dir\"><\/i><\/a><\/p>\n","protected":false},"author":1,"featured_media":0,"parent":0,"menu_order":0,"comment_status":"closed","ping_status":"closed","template":"","meta":{"footnotes":""},"_links":{"self":[{"href":"https:\/\/mobilita.trnava.sk\/index.php\/wp-json\/wp\/v2\/pages\/487"}],"collection":[{"href":"https:\/\/mobilita.trnava.sk\/index.php\/wp-json\/wp\/v2\/pages"}],"about":[{"href":"https:\/\/mobilita.trnava.sk\/index.php\/wp-json\/wp\/v2\/types\/page"}],"author":[{"embeddable":true,"href":"https:\/\/mobilita.trnava.sk\/index.php\/wp-json\/wp\/v2\/users\/1"}],"replies":[{"embeddable":true,"href":"https:\/\/mobilita.trnava.sk\/index.php\/wp-json\/wp\/v2\/comments?post=487"}],"version-history":[{"count":1,"href":"https:\/\/mobilita.trnava.sk\/index.php\/wp-json\/wp\/v2\/pages\/487\/revisions"}],"predecessor-version":[{"id":488,"href":"https:\/\/mobilita.trnava.sk\/index.php\/wp-json\/wp\/v2\/pages\/487\/revisions\/488"}],"wp:attachment":[{"href":"https:\/\/mobilita.trnava.sk\/index.php\/wp-json\/wp\/v2\/media?parent=487"}],"curies":[{"name":"wp","href":"https:\/\/api.w.org\/{rel}","templated":true}]}}