{"id":68,"date":"2019-10-07T15:45:48","date_gmt":"2019-10-07T13:45:48","guid":{"rendered":"https:\/\/mobilita.trnava.sk\/?page_id=68"},"modified":"2019-10-23T15:42:20","modified_gmt":"2019-10-23T13:42:20","slug":"uvodni-stranka","status":"publish","type":"page","link":"https:\/\/mobilita.trnava.sk\/index.php\/uvodni-stranka\/","title":{"rendered":""},"content":{"rendered":"\n<div class=\"alignnormal\"><div id=\"metaslider-id-77\" style=\"width: 100%; margin: 0 auto;\" class=\"ml-slider-3-60-1 metaslider metaslider-flex metaslider-77 ml-slider ms-theme-default\" role=\"region\" aria-roledescription=\"Slideshow\" aria-label=\"New Slideshow\">\n    <div id=\"metaslider_container_77\">\n        <div id=\"metaslider_77\" class=\"flexslider\">\n            <ul aria-live=\"polite\" class=\"slides\">\n                <li style=\"display: block; width: 100%;\" class=\"slide-300 ms-image\" aria-roledescription=\"slide\" aria-label=\"slide-300\"><img loading=\"lazy\" decoding=\"async\" width=\"900\" height=\"314\" src=\"https:\/\/mobilita.trnava.sk\/wp-content\/uploads\/2020\/07\/slider-2019.png\" class=\"slider-77 slide-300\" alt=\"\" rel=\"\" title=\"slider-2019\" srcset=\"https:\/\/mobilita.trnava.sk\/wp-content\/uploads\/2020\/07\/slider-2019.png 900w, https:\/\/mobilita.trnava.sk\/wp-content\/uploads\/2020\/07\/slider-2019-300x105.png 300w, https:\/\/mobilita.trnava.sk\/wp-content\/uploads\/2020\/07\/slider-2019-768x268.png 768w, https:\/\/mobilita.trnava.sk\/wp-content\/uploads\/2020\/07\/slider-2019-150x52.png 150w\" sizes=\"(max-width: 900px) 100vw, 900px\" \/><\/li>\n                <li style=\"display: none; width: 100%;\" class=\"slide-98 ms-image\" aria-roledescription=\"slide\" aria-label=\"slide-98\"><img loading=\"lazy\" decoding=\"async\" width=\"900\" height=\"314\" src=\"https:\/\/mobilita.trnava.sk\/wp-content\/uploads\/2019\/10\/slider-01-2019-6.png\" class=\"slider-77 slide-98\" alt=\"\" rel=\"\" title=\"slider-01-2019\" srcset=\"https:\/\/mobilita.trnava.sk\/wp-content\/uploads\/2019\/10\/slider-01-2019-6.png 900w, https:\/\/mobilita.trnava.sk\/wp-content\/uploads\/2019\/10\/slider-01-2019-6-300x105.png 300w, https:\/\/mobilita.trnava.sk\/wp-content\/uploads\/2019\/10\/slider-01-2019-6-768x268.png 768w, https:\/\/mobilita.trnava.sk\/wp-content\/uploads\/2019\/10\/slider-01-2019-6-150x52.png 150w, https:\/\/mobilita.trnava.sk\/wp-content\/uploads\/2019\/10\/slider-01-2019-6-897x314.png 897w, https:\/\/mobilita.trnava.sk\/wp-content\/uploads\/2019\/10\/slider-01-2019-6-620x216.png 620w, https:\/\/mobilita.trnava.sk\/wp-content\/uploads\/2019\/10\/slider-01-2019-6-400x141.png 400w\" sizes=\"(max-width: 900px) 100vw, 900px\" \/><\/li>\n                <li style=\"display: none; width: 100%;\" class=\"slide-94 ms-image\" aria-roledescription=\"slide\" aria-label=\"slide-94\"><a href=\"https:\/\/mobilita.trnava.sk\/index.php\/2019\/10\/08\/dopravne-prieskumy\/\" target=\"_self\"><img loading=\"lazy\" decoding=\"async\" width=\"900\" height=\"315\" src=\"https:\/\/mobilita.trnava.sk\/wp-content\/uploads\/2019\/10\/slider-02-2019-1.png\" class=\"slider-77 slide-94\" alt=\"\" rel=\"\" title=\"slider-02-2019\" srcset=\"https:\/\/mobilita.trnava.sk\/wp-content\/uploads\/2019\/10\/slider-02-2019-1.png 900w, https:\/\/mobilita.trnava.sk\/wp-content\/uploads\/2019\/10\/slider-02-2019-1-300x105.png 300w, https:\/\/mobilita.trnava.sk\/wp-content\/uploads\/2019\/10\/slider-02-2019-1-768x269.png 768w, https:\/\/mobilita.trnava.sk\/wp-content\/uploads\/2019\/10\/slider-02-2019-1-150x53.png 150w, https:\/\/mobilita.trnava.sk\/wp-content\/uploads\/2019\/10\/slider-02-2019-1-620x216.png 620w, https:\/\/mobilita.trnava.sk\/wp-content\/uploads\/2019\/10\/slider-02-2019-1-400x139.png 400w\" sizes=\"(max-width: 900px) 100vw, 900px\" \/><\/a><\/li>\n                <li style=\"display: none; width: 100%;\" class=\"slide-134 ms-image\" aria-roledescription=\"slide\" aria-label=\"slide-134\"><a href=\"https:\/\/mobilita.trnava.sk\/index.php\/2019\/10\/08\/dopravne-prieskumy\/\" target=\"_self\"><img loading=\"lazy\" decoding=\"async\" width=\"4313\" height=\"1510\" src=\"https:\/\/mobilita.trnava.sk\/wp-content\/uploads\/2019\/10\/slider-03-2019-1.png\" class=\"slider-77 slide-134\" alt=\"\" rel=\"\" title=\"slider-03-2019\" srcset=\"https:\/\/mobilita.trnava.sk\/wp-content\/uploads\/2019\/10\/slider-03-2019-1.png 4313w, https:\/\/mobilita.trnava.sk\/wp-content\/uploads\/2019\/10\/slider-03-2019-1-300x105.png 300w, https:\/\/mobilita.trnava.sk\/wp-content\/uploads\/2019\/10\/slider-03-2019-1-768x269.png 768w, https:\/\/mobilita.trnava.sk\/wp-content\/uploads\/2019\/10\/slider-03-2019-1-1024x359.png 1024w, https:\/\/mobilita.trnava.sk\/wp-content\/uploads\/2019\/10\/slider-03-2019-1-150x53.png 150w\" sizes=\"(max-width: 4313px) 100vw, 4313px\" \/><\/a><\/li>\n            <\/ul>\n        <\/div>\n        \n    <\/div>\n<\/div><\/div>\n\n\n\t\t\t<!-- Cool Timeline Free V2.8.3 -->\r\n\t\t\t<div class=\"ctl-wrapper\">\r\n\t\t\t\t<div id=\"cool_timeline_1\" class=\"cool-timeline-wrapper ctl-horizontal ctl-horizontal-wrapper ctl-horizontal-timeline\" data-items=\"10\">\r\n\t\t\t\t\t<div class=\"ctl-wrapper-inside\">\r\n\t\t\t\t\t\t<div id=\"ctl-slider-container\" class=\"ctl-slider-container swiper-container swiper-container-horizontal\">\r\n\t\t\t\t\t\t\t<!-- Timeline Container -->\r\n\t\t\t\t\t\t\t<div class=\"ctl-slider-wrapper ctl-timeline-container swiper-wrapper\">\r\n\t\t\t\t\t\t\t\t<!-- Timeline Content --><div  id=\"ctl-story-39\" class=\"ctl-story ctl-story-dot-icon swiper-slide odd\" data-aos=\"none\"   data-story-index=\"1\"><!-- Line Filling -->\r\n\t\t\t\t\t\t\t<div class=\"ctl-story-line\"><\/div><!-- Story Date --><div class=\"ctl-labels\"><div class=\"ctl-label-big story-date\">31 m\u00e1ja<\/div><\/div><!-- Story IconDot --><div class=\"ctl-icondot\"><\/div> <!-- Story Arrow --><div class=\"ctl-arrow\"><\/div><!-- Story Content --><div class=\"ctl-content\"><!-- Story Title --><div class=\"ctl-title story-39\"><a class=\"minimal_glightbox\" data-popup-id=\"#ctl-popup-39\">Za\u010datia projektu<\/a><a class=\"minimal_glightbox\" data-popup-id=\"#ctl-popup-39\"><p class=\"ctl_read_more\">Read More<\/p><\/a><\/div><\/div><div id=\"ctl-popup-39\" class=\"ctl_popup_hide\">\r\n\t\t\t\t<div class=\"ctl_popup_container\">\r\n\t\t\t\t\t<div class=\"ctl_popup_date\"><!-- Story Date --><div class=\"ctl-labels\"><div class=\"ctl-label-big story-date\">31 m\u00e1ja<\/div><\/div><\/div>\r\n\t\t\t\t\t<h2 class=\"ctl_popup_title\">Za\u010datia projektu<\/h2>\r\n\t\t\t\t\t<div class=\"ctl_popup_media\"><\/div>\r\n\t\t\t\t\t<div class=\"ctl_popup_desc\"><!-- Story Description --><div class=\"ctl-description\"><p>Projekt za\u010dal v m\u00e1ji 2019.<\/p>\n<\/div><\/div>\r\n\t\t\t\t<\/div>\r\n\t\t\t<\/div><\/div><!-- Timeline Content --><div  id=\"ctl-story-52\" class=\"ctl-story ctl-story-dot-icon swiper-slide even\" data-aos=\"none\"   data-story-index=\"2\"><!-- Line Filling -->\r\n\t\t\t\t\t\t\t<div class=\"ctl-story-line\"><\/div><!-- Story Date --><div class=\"ctl-labels\"><div class=\"ctl-label-big story-date\">7 okt\u00f3bra<\/div><\/div><!-- Story IconDot --><div class=\"ctl-icondot\"><\/div> <!-- Story Arrow --><div class=\"ctl-arrow\"><\/div><!-- Story Content --><div class=\"ctl-content\"><!-- Story Title --><div class=\"ctl-title story-52\"><a class=\"minimal_glightbox\" data-popup-id=\"#ctl-popup-52\">Spusten\u00e1 nov\u00e1 webov\u00e1 prezentacia<\/a><a class=\"minimal_glightbox\" data-popup-id=\"#ctl-popup-52\"><p class=\"ctl_read_more\">Read More<\/p><\/a><\/div><\/div><div id=\"ctl-popup-52\" class=\"ctl_popup_hide\">\r\n\t\t\t\t<div class=\"ctl_popup_container\">\r\n\t\t\t\t\t<div class=\"ctl_popup_date\"><!-- Story Date --><div class=\"ctl-labels\"><div class=\"ctl-label-big story-date\">7 okt\u00f3bra<\/div><\/div><\/div>\r\n\t\t\t\t\t<h2 class=\"ctl_popup_title\">Spusten\u00e1 nov\u00e1 webov\u00e1 prezentacia<\/h2>\r\n\t\t\t\t\t<div class=\"ctl_popup_media\"><\/div>\r\n\t\t\t\t\t<div class=\"ctl_popup_desc\"><\/div>\r\n\t\t\t\t<\/div>\r\n\t\t\t<\/div><\/div>\t\t\t\t\t\t\t<\/div>\r\n\t\t\t\t\t\t\t<span class=\"swiper-notification\" aria-live=\"assertive\" aria-atomic=\"true\"><\/span>\r\n\t\t\t\t\t\t<\/div>\r\n\t\t\t\t\t<\/div>\r\n\t\t\t\t\t<!-- Swiper Next button -->\r\n\t\t\t\t\t<div class=\"ctl-button-prev swiper-button-disabled\" tabindex=\"0\" role=\"button\" aria-label=\"Previous slide\" aria-disabled=\"true\">\r\n\t\t\t\t\t\t<svg xmlns=\"http:\/\/www.w3.org\/2000\/svg\" height=\"1em\" viewBox=\"0 0 320 512\">\r\n\t\t\t\t<path d=\"M34.52 239.03L228.87 44.69c9.37-9.37 24.57-9.37 33.94 0l22.67 22.67c9.36 9.36 9.37 24.52.04 33.9L131.49 256l154.02 154.75c9.34 9.38 9.32 24.54-.04 33.9l-22.67 22.67c-9.37 9.37-24.57 9.37-33.94 0L34.52 272.97c-9.37-9.37-9.37-24.57 0-33.94z\"\/>\r\n\t\t\t\t<\/svg>\t\t\t\t\t<\/div>\r\n\t\t\t\t\t<!-- Swiper Previous Button -->\r\n\t\t\t\t\t<div class=\"ctl-button-next\" tabindex=\"0\" role=\"button\" aria-label=\"Next slide\" aria-disabled=\"false\">\r\n\t\t\t\t\t\t<svg xmlns=\"http:\/\/www.w3.org\/2000\/svg\" height=\"1em\" viewBox=\"0 0 320 512\">\r\n\t\t\t\t<path d=\"M285.476 272.971L91.132 467.314c-9.373 9.373-24.569 9.373-33.941 0l-22.667-22.667c-9.357-9.357-9.375-24.522-.04-33.901L188.505 256 34.484 101.255c-9.335-9.379-9.317-24.544.04-33.901l22.667-22.667c9.373-9.373 24.569-9.373 33.941 0L285.475 239.03c9.373 9.372 9.373 24.568.001 33.941z\"\/>\r\n\t\t\t\t<\/svg>\t\t\t\t\t<\/div>\r\n\t\t\t\t\t<!-- Swiper Horizontal line -->\r\n\t\t\t\t\t<div class=\"ctl-h-line\"><\/div>\r\n\t\t\t\t<\/div>\r\n\t\t\t<\/div>\r\n\t\t\t","protected":false},"excerpt":{"rendered":"<p class=\"continue-reading-button\"> <a class=\"continue-reading-link\" href=\"https:\/\/mobilita.trnava.sk\/index.php\/cool_timeline\/pokracovani-projektu\/\">\u010c\u00edta\u0165 \u010falej<i class=\"crycon-right-dir\"><\/i><\/a><\/p>\n","protected":false},"author":1,"featured_media":0,"parent":0,"menu_order":0,"comment_status":"closed","ping_status":"closed","template":"templates\/template-onecolumn.php","meta":{"footnotes":""},"_links":{"self":[{"href":"https:\/\/mobilita.trnava.sk\/index.php\/wp-json\/wp\/v2\/pages\/68"}],"collection":[{"href":"https:\/\/mobilita.trnava.sk\/index.php\/wp-json\/wp\/v2\/pages"}],"about":[{"href":"https:\/\/mobilita.trnava.sk\/index.php\/wp-json\/wp\/v2\/types\/page"}],"author":[{"embeddable":true,"href":"https:\/\/mobilita.trnava.sk\/index.php\/wp-json\/wp\/v2\/users\/1"}],"replies":[{"embeddable":true,"href":"https:\/\/mobilita.trnava.sk\/index.php\/wp-json\/wp\/v2\/comments?post=68"}],"version-history":[{"count":17,"href":"https:\/\/mobilita.trnava.sk\/index.php\/wp-json\/wp\/v2\/pages\/68\/revisions"}],"predecessor-version":[{"id":202,"href":"https:\/\/mobilita.trnava.sk\/index.php\/wp-json\/wp\/v2\/pages\/68\/revisions\/202"}],"wp:attachment":[{"href":"https:\/\/mobilita.trnava.sk\/index.php\/wp-json\/wp\/v2\/media?parent=68"}],"curies":[{"name":"wp","href":"https:\/\/api.w.org\/{rel}","templated":true}]}}