{"id":9,"date":"2019-10-07T10:11:42","date_gmt":"2019-10-07T08:11:42","guid":{"rendered":"https:\/\/mobilita.trnava.sk\/?page_id=9"},"modified":"2019-10-10T10:48:11","modified_gmt":"2019-10-10T08:48:11","slug":"domu","status":"publish","type":"page","link":"https:\/\/mobilita.trnava.sk\/index.php\/domu\/","title":{"rendered":"AKTU\u00c1LNE"},"content":{"rendered":"\n<p style=\"text-align:center\">STR\u00c1NKA JE VO V\u00ddSTAVBE.<\/p>\n\n\n\n<div class=\"wp-block-image\"><figure class=\"aligncenter is-resized\"><img loading=\"lazy\" decoding=\"async\" src=\"https:\/\/mobilita.trnava.sk\/wp-content\/uploads\/2019\/10\/under-construction-4401023_640.png\" alt=\"\" class=\"wp-image-30\" width=\"140\" height=\"160\" srcset=\"https:\/\/mobilita.trnava.sk\/wp-content\/uploads\/2019\/10\/under-construction-4401023_640.png 561w, https:\/\/mobilita.trnava.sk\/wp-content\/uploads\/2019\/10\/under-construction-4401023_640-263x300.png 263w, https:\/\/mobilita.trnava.sk\/wp-content\/uploads\/2019\/10\/under-construction-4401023_640-131x150.png 131w\" sizes=\"(max-width: 140px) 100vw, 140px\" \/><\/figure><\/div>\n\n\n<ul class=\"wp-block-categories-list wp-block-categories\">\t<li class=\"cat-item cat-item-4\"><a href=\"https:\/\/mobilita.trnava.sk\/index.php\/category\/aktualne\/\">Aktu\u00e1lne<\/a> (14)\n<\/li>\n\t<li class=\"cat-item cat-item-1\"><a href=\"https:\/\/mobilita.trnava.sk\/index.php\/category\/nezaradene\/\">Nezaraden\u00e9<\/a> (4)\n<\/li>\n<\/ul>","protected":false},"excerpt":{"rendered":"<p>STR\u00c1NKA JE VO V\u00ddSTAVBE.<\/p>\n<p class=\"continue-reading-button\"> <a class=\"continue-reading-link\" href=\"https:\/\/mobilita.trnava.sk\/index.php\/domu\/\">\u010c\u00edta\u0165 \u010falej<i class=\"crycon-right-dir\"><\/i><\/a><\/p>\n","protected":false},"author":1,"featured_media":0,"parent":0,"menu_order":0,"comment_status":"closed","ping_status":"closed","template":"templates\/template-blog.php","meta":{"footnotes":""},"_links":{"self":[{"href":"https:\/\/mobilita.trnava.sk\/index.php\/wp-json\/wp\/v2\/pages\/9"}],"collection":[{"href":"https:\/\/mobilita.trnava.sk\/index.php\/wp-json\/wp\/v2\/pages"}],"about":[{"href":"https:\/\/mobilita.trnava.sk\/index.php\/wp-json\/wp\/v2\/types\/page"}],"author":[{"embeddable":true,"href":"https:\/\/mobilita.trnava.sk\/index.php\/wp-json\/wp\/v2\/users\/1"}],"replies":[{"embeddable":true,"href":"https:\/\/mobilita.trnava.sk\/index.php\/wp-json\/wp\/v2\/comments?post=9"}],"version-history":[{"count":8,"href":"https:\/\/mobilita.trnava.sk\/index.php\/wp-json\/wp\/v2\/pages\/9\/revisions"}],"predecessor-version":[{"id":173,"href":"https:\/\/mobilita.trnava.sk\/index.php\/wp-json\/wp\/v2\/pages\/9\/revisions\/173"}],"wp:attachment":[{"href":"https:\/\/mobilita.trnava.sk\/index.php\/wp-json\/wp\/v2\/media?parent=9"}],"curies":[{"name":"wp","href":"https:\/\/api.w.org\/{rel}","templated":true}]}}